{"id":705,"date":"2017-09-18T10:46:12","date_gmt":"2017-09-18T10:46:12","guid":{"rendered":"https:\/\/promo-theme.com\/novo\/dark\/?page_id=705"},"modified":"2021-01-04T19:18:40","modified_gmt":"2021-01-04T18:18:40","slug":"peintre","status":"publish","type":"page","link":"https:\/\/owl-peinture.com\/index.php\/peintre\/","title":{"rendered":"OWL Artiste"},"content":{"rendered":"<p>[vc_row equal_height=&#8221;yes&#8221; content_placement=&#8221;middle&#8221; css=&#8221;.vc_custom_1505137157448{padding-top: 50px !important;}&#8221;][vc_column css_animation=&#8221;fadeInLeft&#8221; width=&#8221;1\/2&#8243; css=&#8221;.vc_custom_1609774082338{border-right-width: 0px !important;padding-top: 250px !important;padding-bottom: 250px !important;background-image: url(https:\/\/owl-peinture.com\/wp-content\/uploads\/2021\/01\/132c109d423eab1001ff557023b5bee6.jpg?id=2049) !important;}&#8221; uniqid=&#8221;5ff333e453dda&#8221;][\/vc_column][vc_column css_animation=&#8221;fadeInRight&#8221; width=&#8221;1\/2&#8243; css=&#8221;.vc_custom_1506084117248{padding-top: 80px !important;padding-right: 60px !important;padding-bottom: 80px !important;padding-left: 60px !important;background-color: #121212 !important;}&#8221;]      <div class=\"heading-block heading-5d67b7780c108 tal h-h3 with-line vc_custom_1609772475860\">\n                  <h3 class=\"h\">OWL,<br \/>\n<span>Artiste peintre<\/span><\/h3>\n              <\/div>\n    [vc_column_text]Autodidacte, n&#8217;ayant subi aucunes influences si ce n&#8217;est celles que je me suis impos\u00e9es ; pr\u00e9f\u00e9rant ne pas me cloisonner ni dans les techniques ni dans le style, j&#8217;en appelle \u00e0 l&#8217;\u00e9motion.<\/p>\n<p>Je remercie aussi l&#8217;art urbain qui a d\u00e9poussi\u00e9r\u00e9 la belle endormie. Que de talents !<\/p>\n<p>Trop nombreux pour les \u00e9num\u00e9rer ici, du pionnier fran\u00e7ais du Street Art Ernest Pignon- Ernest \u00e0 l&#8217; Atlas, en passant par Speedy Graphito.<\/p>\n<p>Comment ne pas remercier ceux qui revendiquent une filiation avec l&#8217;art classique, le STREET ART restant figuratif. Comment ne pas remercier ceux qui imposent l&#8217;oeuvre aux passants, ceci gratuitement.<\/p>\n<p>[\/vc_column_text][\/vc_column][\/vc_row]<\/p>\n","protected":false},"excerpt":{"rendered":"<p>[vc_row equal_height=&#8221;yes&#8221; content_placement=&#8221;middle&#8221; css=&#8221;.vc_custom_1505137157448{padding-top: 50px !important;}&#8221;][vc_column css_animation=&#8221;fadeInLeft&#8221; width=&#8221;1\/2&#8243; css=&#8221;.vc_custom_1609774082338{border-right-width: 0px !important;padding-top: 250px !important;padding-bottom: 250px !important;background-image: url(https:\/\/owl-peinture.com\/wp-content\/uploads\/2021\/01\/132c109d423eab1001ff557023b5bee6.jpg?id=2049) !important;}&#8221; uniqid=&#8221;5ff333e453dda&#8221;][\/vc_column][vc_column css_animation=&#8221;fadeInRight&#8221; width=&#8221;1\/2&#8243; css=&#8221;.vc_custom_1506084117248{padding-top: 80px !important;padding-right: 60px !important;padding-bottom: 80px !important;padding-left: 60px !important;background-color: #121212 !important;}&#8221;][vc_column_text]Autodidacte, n&#8217;ayant subi aucunes influences si ce n&#8217;est celles que je me suis impos\u00e9es ; pr\u00e9f\u00e9rant ne pas me cloisonner ni dans les techniques ni [&hellip;]<\/p>\n","protected":false},"author":1,"featured_media":0,"parent":0,"menu_order":0,"comment_status":"closed","ping_status":"closed","template":"template-landing.php","meta":[],"yoast_head":"<!-- This site is optimized with the Yoast SEO plugin v15.5 - https:\/\/yoast.com\/wordpress\/plugins\/seo\/ -->\n<title>OWL Artiste - OWL ARTISTE PEINTRE<\/title>\n<meta name=\"description\" content=\"Owl, un artiste aux multiples facettes : peinture, dessin, delirium\" \/>\n<meta name=\"robots\" content=\"index, follow, max-snippet:-1, max-image-preview:large, max-video-preview:-1\" \/>\n<link rel=\"canonical\" href=\"https:\/\/owl-peinture.com\/index.php\/peintre\/\" \/>\n<meta property=\"og:locale\" content=\"fr_FR\" \/>\n<meta property=\"og:type\" content=\"article\" \/>\n<meta property=\"og:title\" content=\"OWL Artiste - OWL ARTISTE PEINTRE\" \/>\n<meta property=\"og:description\" content=\"Owl, un artiste aux multiples facettes : peinture, dessin, delirium\" \/>\n<meta property=\"og:url\" content=\"https:\/\/owl-peinture.com\/index.php\/peintre\/\" \/>\n<meta property=\"og:site_name\" content=\"OWL ARTISTE PEINTRE\" \/>\n<meta property=\"article:modified_time\" content=\"2021-01-04T18:18:40+00:00\" \/>\n<meta property=\"og:image\" content=\"https:\/\/owl-peinture.com\/wp-content\/uploads\/2020\/12\/18c6fc671e4c867864174b6a257b875b.jpg\" \/>\n\t<meta property=\"og:image:width\" content=\"2440\" \/>\n\t<meta property=\"og:image:height\" content=\"1616\" \/>\n<meta name=\"twitter:card\" content=\"summary_large_image\" \/>\n<meta name=\"twitter:label1\" content=\"Dur\u00e9e de lecture est.\">\n\t<meta name=\"twitter:data1\" content=\"1 minute\">\n<script type=\"application\/ld+json\" class=\"yoast-schema-graph\">{\"@context\":\"https:\/\/schema.org\",\"@graph\":[{\"@type\":\"Organization\",\"@id\":\"https:\/\/owl-peinture.com\/#organization\",\"name\":\"OWL Artiste peintre\",\"url\":\"https:\/\/owl-peinture.com\/\",\"sameAs\":[\"https:\/\/www.instagram.com\/owl_artiste\/\"],\"logo\":{\"@type\":\"ImageObject\",\"@id\":\"https:\/\/owl-peinture.com\/#logo\",\"inLanguage\":\"fr-FR\",\"url\":\"https:\/\/owl-peinture.com\/wp-content\/uploads\/2020\/12\/18c6fc671e4c867864174b6a257b875b.jpg\",\"width\":2440,\"height\":1616,\"caption\":\"OWL Artiste peintre\"},\"image\":{\"@id\":\"https:\/\/owl-peinture.com\/#logo\"}},{\"@type\":\"WebSite\",\"@id\":\"https:\/\/owl-peinture.com\/#website\",\"url\":\"https:\/\/owl-peinture.com\/\",\"name\":\"OWL ARTISTE PEINTRE\",\"description\":\"Artiste Peintre aux multiples facettes : peintures, dessins\",\"publisher\":{\"@id\":\"https:\/\/owl-peinture.com\/#organization\"},\"potentialAction\":[{\"@type\":\"SearchAction\",\"target\":\"https:\/\/owl-peinture.com\/?s={search_term_string}\",\"query-input\":\"required name=search_term_string\"}],\"inLanguage\":\"fr-FR\"},{\"@type\":\"WebPage\",\"@id\":\"https:\/\/owl-peinture.com\/index.php\/peintre\/#webpage\",\"url\":\"https:\/\/owl-peinture.com\/index.php\/peintre\/\",\"name\":\"OWL Artiste - OWL ARTISTE PEINTRE\",\"isPartOf\":{\"@id\":\"https:\/\/owl-peinture.com\/#website\"},\"datePublished\":\"2017-09-18T10:46:12+00:00\",\"dateModified\":\"2021-01-04T18:18:40+00:00\",\"description\":\"Owl, un artiste aux multiples facettes : peinture, dessin, delirium\",\"inLanguage\":\"fr-FR\",\"potentialAction\":[{\"@type\":\"ReadAction\",\"target\":[\"https:\/\/owl-peinture.com\/index.php\/peintre\/\"]}]}]}<\/script>\n<!-- \/ Yoast SEO plugin. -->","_links":{"self":[{"href":"https:\/\/owl-peinture.com\/index.php\/wp-json\/wp\/v2\/pages\/705"}],"collection":[{"href":"https:\/\/owl-peinture.com\/index.php\/wp-json\/wp\/v2\/pages"}],"about":[{"href":"https:\/\/owl-peinture.com\/index.php\/wp-json\/wp\/v2\/types\/page"}],"author":[{"embeddable":true,"href":"https:\/\/owl-peinture.com\/index.php\/wp-json\/wp\/v2\/users\/1"}],"replies":[{"embeddable":true,"href":"https:\/\/owl-peinture.com\/index.php\/wp-json\/wp\/v2\/comments?post=705"}],"version-history":[{"count":6,"href":"https:\/\/owl-peinture.com\/index.php\/wp-json\/wp\/v2\/pages\/705\/revisions"}],"predecessor-version":[{"id":2056,"href":"https:\/\/owl-peinture.com\/index.php\/wp-json\/wp\/v2\/pages\/705\/revisions\/2056"}],"wp:attachment":[{"href":"https:\/\/owl-peinture.com\/index.php\/wp-json\/wp\/v2\/media?parent=705"}],"curies":[{"name":"wp","href":"https:\/\/api.w.org\/{rel}","templated":true}]}}