{"id":767,"date":"2017-09-20T13:36:57","date_gmt":"2017-09-20T13:36:57","guid":{"rendered":"https:\/\/promo-theme.com\/novo\/dark\/?page_id=767"},"modified":"2020-12-23T21:13:11","modified_gmt":"2020-12-23T20:13:11","slug":"contact","status":"publish","type":"page","link":"https:\/\/owl-peinture.com\/index.php\/contact\/","title":{"rendered":"Contact"},"content":{"rendered":"<p>[vc_row uniqid=&#8221;5fe0d9d049c2b&#8221;][vc_column uniqid=&#8221;5fe0d9f8263dc&#8221;][vc_single_image image=&#8221;2032&#8243; img_size=&#8221;full&#8221; alignment=&#8221;center&#8221;][vc_custom_heading text=&#8221;Contact&#8221; use_theme_fonts=&#8221;yes&#8221; decor_line=&#8221;on&#8221; css=&#8221;.vc_custom_1608663664555{background-image: url(http:\/\/owl-peinture.com\/wp-content\/uploads\/2020\/12\/hibou-scaled.jpg?id=1939) !important;}&#8221;][\/vc_column][\/vc_row][vc_row][vc_column offset=&#8221;vc_col-lg-4 vc_col-md-12&#8243;][vc_column_text]N&#8217;h\u00e9sitez pas \u00e0 contacter OWL pour toute demande particuli\u00e8re![\/vc_column_text][\/vc_column][vc_column offset=&#8221;vc_col-lg-4 vc_col-md-6 vc_col-xs-12&#8243;][vc_row_inner][vc_column_inner width=&#8221;1\/4&#8243;][vc_icon icon_fontawesome=&#8221;multimedia-icon-envelope&#8221; color=&#8221;custom&#8221; background_style=&#8221;rounded-outline&#8221; background_color=&#8221;custom&#8221; custom_background_color=&#8221;#c48f56&#8243;][\/vc_column_inner][vc_column_inner width=&#8221;3\/4&#8243;][vc_column_text]<\/p>\n<p style=\"text-align: left;\"><span style=\"font-weight: 300;\">Contactez OWL via le formulaire<\/span><\/p>\n<p>[\/vc_column_text][\/vc_column_inner][\/vc_row_inner][vc_row_inner][vc_column_inner width=&#8221;1\/4&#8243;][vc_icon icon_fontawesome=&#8221;multimedia-icon-placeholder&#8221; color=&#8221;custom&#8221; background_style=&#8221;rounded-outline&#8221; background_color=&#8221;custom&#8221; custom_background_color=&#8221;#c48f56&#8243;][\/vc_column_inner][vc_column_inner width=&#8221;3\/4&#8243;][vc_column_text]<\/p>\n<p style=\"text-align: left;\"><span style=\"font-weight: 300;\">France, Lyon<\/span><\/p>\n<p>[\/vc_column_text][\/vc_column_inner][\/vc_row_inner][\/vc_column][vc_column offset=&#8221;vc_col-lg-4 vc_col-md-6&#8243;]<div role=\"form\" class=\"wpcf7\" id=\"wpcf7-f1425-o1\" lang=\"en-US\" dir=\"ltr\">\n<div class=\"screen-reader-response\"><p role=\"status\" aria-live=\"polite\" aria-atomic=\"true\"><\/p> <ul><\/ul><\/div>\n<form action=\"\/index.php\/wp-json\/wp\/v2\/pages\/767#wpcf7-f1425-o1\" method=\"post\" class=\"wpcf7-form init\" novalidate=\"novalidate\" data-status=\"init\">\n<div style=\"display: none;\">\n<input type=\"hidden\" name=\"_wpcf7\" value=\"1425\" \/>\n<input type=\"hidden\" name=\"_wpcf7_version\" value=\"5.3.2\" \/>\n<input type=\"hidden\" name=\"_wpcf7_locale\" value=\"en_US\" \/>\n<input type=\"hidden\" name=\"_wpcf7_unit_tag\" value=\"wpcf7-f1425-o1\" \/>\n<input type=\"hidden\" name=\"_wpcf7_container_post\" value=\"0\" \/>\n<input type=\"hidden\" name=\"_wpcf7_posted_data_hash\" value=\"\" \/>\n<\/div>\n<div class=\"contact-form row\">\n  <div class=\"col-12 col-sm-6\"><span class=\"wpcf7-form-control-wrap f-name\"><input type=\"text\" name=\"f-name\" value=\"\" size=\"40\" class=\"wpcf7-form-control wpcf7-text wpcf7-validates-as-required style4\" aria-required=\"true\" aria-invalid=\"false\" placeholder=\"Entrer votre Nom...\" \/><\/span><\/div>\n  <div class=\"col-12 col-sm-6\"><span class=\"wpcf7-form-control-wrap f-mail\"><input type=\"text\" name=\"f-mail\" value=\"\" size=\"40\" class=\"wpcf7-form-control wpcf7-text wpcf7-validates-as-required style4\" aria-required=\"true\" aria-invalid=\"false\" placeholder=\"Entrer votre E-Mail...\" \/><\/span><\/div>\n  <div class=\"col-12\"><span class=\"wpcf7-form-control-wrap f-message\"><textarea name=\"f-message\" cols=\"40\" rows=\"4\" class=\"wpcf7-form-control wpcf7-textarea style4\" aria-invalid=\"false\" placeholder=\"Laissez un message...\"><\/textarea><\/span><\/div>\n  <div class=\"col-12\"><button type=\"submit\" class=\"button-style2\">Envoyer<\/button><\/div>\n<\/div><div class=\"wpcf7-response-output\" aria-hidden=\"true\"><\/div><\/form><\/div>[\/vc_column][\/vc_row]<\/p>\n","protected":false},"excerpt":{"rendered":"<p>[vc_row uniqid=&#8221;5fe0d9d049c2b&#8221;][vc_column uniqid=&#8221;5fe0d9f8263dc&#8221;][vc_single_image image=&#8221;2032&#8243; img_size=&#8221;full&#8221; alignment=&#8221;center&#8221;][vc_custom_heading text=&#8221;Contact&#8221; use_theme_fonts=&#8221;yes&#8221; decor_line=&#8221;on&#8221; css=&#8221;.vc_custom_1608663664555{background-image: url(http:\/\/owl-peinture.com\/wp-content\/uploads\/2020\/12\/hibou-scaled.jpg?id=1939) !important;}&#8221;][\/vc_column][\/vc_row][vc_row][vc_column offset=&#8221;vc_col-lg-4 vc_col-md-12&#8243;][vc_column_text]N&#8217;h\u00e9sitez pas \u00e0 contacter OWL pour toute demande particuli\u00e8re![\/vc_column_text][\/vc_column][vc_column offset=&#8221;vc_col-lg-4 vc_col-md-6 vc_col-xs-12&#8243;][vc_row_inner][vc_column_inner width=&#8221;1\/4&#8243;][vc_icon icon_fontawesome=&#8221;multimedia-icon-envelope&#8221; color=&#8221;custom&#8221; background_style=&#8221;rounded-outline&#8221; background_color=&#8221;custom&#8221; custom_background_color=&#8221;#c48f56&#8243;][\/vc_column_inner][vc_column_inner width=&#8221;3\/4&#8243;][vc_column_text] Contactez OWL via le formulaire [\/vc_column_text][\/vc_column_inner][\/vc_row_inner][vc_row_inner][vc_column_inner width=&#8221;1\/4&#8243;][vc_icon icon_fontawesome=&#8221;multimedia-icon-placeholder&#8221; color=&#8221;custom&#8221; background_style=&#8221;rounded-outline&#8221; background_color=&#8221;custom&#8221; custom_background_color=&#8221;#c48f56&#8243;][\/vc_column_inner][vc_column_inner width=&#8221;3\/4&#8243;][vc_column_text] France, Lyon [\/vc_column_text][\/vc_column_inner][\/vc_row_inner][\/vc_column][vc_column offset=&#8221;vc_col-lg-4 vc_col-md-6&#8243;][\/vc_column][\/vc_row]<\/p>\n","protected":false},"author":1,"featured_media":0,"parent":0,"menu_order":0,"comment_status":"closed","ping_status":"closed","template":"template-landing.php","meta":[],"yoast_head":"<!-- This site is optimized with the Yoast SEO plugin v15.5 - https:\/\/yoast.com\/wordpress\/plugins\/seo\/ -->\n<title>Contact - OWL ARTISTE PEINTRE<\/title>\n<meta name=\"description\" content=\"Owl, un artiste aux multiples facettes : peinture, dessin, delirium\" \/>\n<meta name=\"robots\" content=\"index, follow, max-snippet:-1, max-image-preview:large, max-video-preview:-1\" \/>\n<link rel=\"canonical\" href=\"https:\/\/owl-peinture.com\/index.php\/contact\/\" \/>\n<meta property=\"og:locale\" content=\"fr_FR\" \/>\n<meta property=\"og:type\" content=\"article\" \/>\n<meta property=\"og:title\" content=\"Contact - OWL ARTISTE PEINTRE\" \/>\n<meta property=\"og:description\" content=\"Owl, un artiste aux multiples facettes : peinture, dessin, delirium\" \/>\n<meta property=\"og:url\" content=\"https:\/\/owl-peinture.com\/index.php\/contact\/\" \/>\n<meta property=\"og:site_name\" content=\"OWL ARTISTE PEINTRE\" \/>\n<meta property=\"article:modified_time\" content=\"2020-12-23T20:13:11+00:00\" \/>\n<meta property=\"og:image\" content=\"https:\/\/owl-peinture.com\/wp-content\/uploads\/2020\/12\/18c6fc671e4c867864174b6a257b875b.jpg\" \/>\n\t<meta property=\"og:image:width\" content=\"2440\" \/>\n\t<meta property=\"og:image:height\" content=\"1616\" \/>\n<meta name=\"twitter:card\" content=\"summary_large_image\" \/>\n<meta name=\"twitter:label1\" content=\"Dur\u00e9e de lecture est.\">\n\t<meta name=\"twitter:data1\" content=\"1 minute\">\n<script type=\"application\/ld+json\" class=\"yoast-schema-graph\">{\"@context\":\"https:\/\/schema.org\",\"@graph\":[{\"@type\":\"Organization\",\"@id\":\"https:\/\/owl-peinture.com\/#organization\",\"name\":\"OWL Artiste peintre\",\"url\":\"https:\/\/owl-peinture.com\/\",\"sameAs\":[\"https:\/\/www.instagram.com\/owl_artiste\/\"],\"logo\":{\"@type\":\"ImageObject\",\"@id\":\"https:\/\/owl-peinture.com\/#logo\",\"inLanguage\":\"fr-FR\",\"url\":\"https:\/\/owl-peinture.com\/wp-content\/uploads\/2020\/12\/18c6fc671e4c867864174b6a257b875b.jpg\",\"width\":2440,\"height\":1616,\"caption\":\"OWL Artiste peintre\"},\"image\":{\"@id\":\"https:\/\/owl-peinture.com\/#logo\"}},{\"@type\":\"WebSite\",\"@id\":\"https:\/\/owl-peinture.com\/#website\",\"url\":\"https:\/\/owl-peinture.com\/\",\"name\":\"OWL ARTISTE PEINTRE\",\"description\":\"Artiste Peintre aux multiples facettes : peintures, dessins\",\"publisher\":{\"@id\":\"https:\/\/owl-peinture.com\/#organization\"},\"potentialAction\":[{\"@type\":\"SearchAction\",\"target\":\"https:\/\/owl-peinture.com\/?s={search_term_string}\",\"query-input\":\"required name=search_term_string\"}],\"inLanguage\":\"fr-FR\"},{\"@type\":\"WebPage\",\"@id\":\"https:\/\/owl-peinture.com\/index.php\/contact\/#webpage\",\"url\":\"https:\/\/owl-peinture.com\/index.php\/contact\/\",\"name\":\"Contact - OWL ARTISTE PEINTRE\",\"isPartOf\":{\"@id\":\"https:\/\/owl-peinture.com\/#website\"},\"datePublished\":\"2017-09-20T13:36:57+00:00\",\"dateModified\":\"2020-12-23T20:13:11+00:00\",\"description\":\"Owl, un artiste aux multiples facettes : peinture, dessin, delirium\",\"inLanguage\":\"fr-FR\",\"potentialAction\":[{\"@type\":\"ReadAction\",\"target\":[\"https:\/\/owl-peinture.com\/index.php\/contact\/\"]}]}]}<\/script>\n<!-- \/ Yoast SEO plugin. -->","_links":{"self":[{"href":"https:\/\/owl-peinture.com\/index.php\/wp-json\/wp\/v2\/pages\/767"}],"collection":[{"href":"https:\/\/owl-peinture.com\/index.php\/wp-json\/wp\/v2\/pages"}],"about":[{"href":"https:\/\/owl-peinture.com\/index.php\/wp-json\/wp\/v2\/types\/page"}],"author":[{"embeddable":true,"href":"https:\/\/owl-peinture.com\/index.php\/wp-json\/wp\/v2\/users\/1"}],"replies":[{"embeddable":true,"href":"https:\/\/owl-peinture.com\/index.php\/wp-json\/wp\/v2\/comments?post=767"}],"version-history":[{"count":4,"href":"https:\/\/owl-peinture.com\/index.php\/wp-json\/wp\/v2\/pages\/767\/revisions"}],"predecessor-version":[{"id":2036,"href":"https:\/\/owl-peinture.com\/index.php\/wp-json\/wp\/v2\/pages\/767\/revisions\/2036"}],"wp:attachment":[{"href":"https:\/\/owl-peinture.com\/index.php\/wp-json\/wp\/v2\/media?parent=767"}],"curies":[{"name":"wp","href":"https:\/\/api.w.org\/{rel}","templated":true}]}}